{"id":50,"date":"2023-05-28T14:39:30","date_gmt":"2023-05-28T12:39:30","guid":{"rendered":"https:\/\/tesign.ppc.at\/?page_id=50"},"modified":"2023-05-28T15:06:51","modified_gmt":"2023-05-28T13:06:51","slug":"home","status":"publish","type":"page","link":"https:\/\/www.tesign.at\/","title":{"rendered":"Startseite"},"content":{"rendered":"\n<p><\/p>\n\n\n\n<figure class=\"wp-block-image size-large\"><img loading=\"lazy\" decoding=\"async\" width=\"1024\" height=\"224\" src=\"https:\/\/tesign.ppc.at\/wp-content\/uploads\/2023\/05\/head_02-1200x263-1-1024x224.jpg\" alt=\"\" class=\"wp-image-35\" srcset=\"https:\/\/www.tesign.at\/wp-content\/uploads\/2023\/05\/head_02-1200x263-1-1024x224.jpg 1024w, https:\/\/www.tesign.at\/wp-content\/uploads\/2023\/05\/head_02-1200x263-1-300x66.jpg 300w, https:\/\/www.tesign.at\/wp-content\/uploads\/2023\/05\/head_02-1200x263-1-768x168.jpg 768w, https:\/\/www.tesign.at\/wp-content\/uploads\/2023\/05\/head_02-1200x263-1.jpg 1200w\" sizes=\"auto, (max-width: 1024px) 100vw, 1024px\" \/><\/figure>\n\n\n<p>Herzlich Willkommen bei TESIGN \u2013 ALU | STAHL | GLAS | DESIGN.<\/p>\n<p>Wir stehen als Planungsb\u00fcro f\u00fcr technische Planungen im Alu-,Glas- und Stahlbau zur Verf\u00fcgung und freuen uns, Ihnen unsere Dienstleistungen anbieten zu k\u00f6nnen.<\/p>\n<p>Wir unterst\u00fctzen Sie bei allen Fragen vom ersten Konzeptansatz bis zur Umsetzung vor Ort. Dabei agieren wir partnerschaftlich, verantwortungsvoll, professionell und sicher. Die gew\u00fcnschte Leistung wird von Ihnen definiert \u2013 wir stellen sicher, dass diese Leistung f\u00fcr Sie erbracht wird.<\/p>","protected":false},"excerpt":{"rendered":"<p>Herzlich Willkommen bei TESIGN \u2013 ALU | STAHL | GLAS | DESIGN. Wir stehen als Planungsb\u00fcro f\u00fcr technische Planungen im Alu-,Glas- und Stahlbau zur Verf\u00fcgung und freuen uns, Ihnen unsere Dienstleistungen anbieten zu k\u00f6nnen. Wir unterst\u00fctzen Sie bei allen Fragen vom ersten Konzeptansatz bis zur Umsetzung vor Ort. Dabei agieren wir partnerschaftlich, verantwortungsvoll, professionell und&hellip; <a class=\"more-link\" href=\"https:\/\/www.tesign.at\/\">Continue reading <span class=\"screen-reader-text\">Startseite<\/span><\/a><\/p>\n","protected":false},"author":1,"featured_media":0,"parent":0,"menu_order":0,"comment_status":"closed","ping_status":"closed","template":"","meta":{"footnotes":""},"class_list":["post-50","page","type-page","status-publish","hentry","entry"],"_links":{"self":[{"href":"https:\/\/www.tesign.at\/index.php?rest_route=\/wp\/v2\/pages\/50","targetHints":{"allow":["GET"]}}],"collection":[{"href":"https:\/\/www.tesign.at\/index.php?rest_route=\/wp\/v2\/pages"}],"about":[{"href":"https:\/\/www.tesign.at\/index.php?rest_route=\/wp\/v2\/types\/page"}],"author":[{"embeddable":true,"href":"https:\/\/www.tesign.at\/index.php?rest_route=\/wp\/v2\/users\/1"}],"replies":[{"embeddable":true,"href":"https:\/\/www.tesign.at\/index.php?rest_route=%2Fwp%2Fv2%2Fcomments&post=50"}],"version-history":[{"count":3,"href":"https:\/\/www.tesign.at\/index.php?rest_route=\/wp\/v2\/pages\/50\/revisions"}],"predecessor-version":[{"id":69,"href":"https:\/\/www.tesign.at\/index.php?rest_route=\/wp\/v2\/pages\/50\/revisions\/69"}],"wp:attachment":[{"href":"https:\/\/www.tesign.at\/index.php?rest_route=%2Fwp%2Fv2%2Fmedia&parent=50"}],"curies":[{"name":"wp","href":"https:\/\/api.w.org\/{rel}","templated":true}]}}